{"id":118,"date":"2024-12-19T10:11:35","date_gmt":"2024-12-19T10:11:35","guid":{"rendered":"https:\/\/www.borneogungdomspsykiater.dk\/?page_id=118"},"modified":"2024-12-19T10:14:11","modified_gmt":"2024-12-19T10:14:11","slug":"kontakt","status":"publish","type":"page","link":"https:\/\/www.borneogungdomspsykiater.dk\/?page_id=118","title":{"rendered":"Kontakt"},"content":{"rendered":"\t\t<div data-elementor-type=\"wp-page\" data-elementor-id=\"118\" class=\"elementor elementor-118\" data-elementor-post-type=\"page\">\n\t\t\t\t<div class=\"elementor-element elementor-element-c429f53 e-flex e-con-boxed e-con e-parent\" data-id=\"c429f53\" data-element_type=\"container\" data-e-type=\"container\">\n\t\t\t\t\t<div class=\"e-con-inner\">\n\t\t\t\t<div class=\"elementor-element elementor-element-23d27a2 elementor-widget elementor-widget-heading\" data-id=\"23d27a2\" data-element_type=\"widget\" data-e-type=\"widget\" data-widget_type=\"heading.default\">\n\t\t\t\t<div class=\"elementor-widget-container\">\n\t\t\t\t\t<h2 class=\"elementor-heading-title elementor-size-default\">Kontakt<\/h2>\t\t\t\t<\/div>\n\t\t\t\t<\/div>\n\t\t\t\t\t<\/div>\n\t\t\t\t<\/div>\n\t\t<div class=\"elementor-element elementor-element-fbc311d e-flex e-con-boxed e-con e-parent\" data-id=\"fbc311d\" data-element_type=\"container\" data-e-type=\"container\">\n\t\t\t\t\t<div class=\"e-con-inner\">\n\t\t\t\t<div class=\"elementor-element elementor-element-5ffd452 elementor-widget elementor-widget-text-editor\" data-id=\"5ffd452\" data-element_type=\"widget\" data-e-type=\"widget\" data-widget_type=\"text-editor.default\">\n\t\t\t\t<div class=\"elementor-widget-container\">\n\t\t\t\t\t\t\t\t\t<p>Klinikken er beliggende centralt i Roskilde t\u00e6t p\u00e5 Roskilde station og g\u00e5gade. Der er parkering igennem porten bag bygningen eller ved Roskilde Arrest lige over for. Der er to timers parkering, husk p-skive.<\/p><p>Klinikken er \u00e5ben for konsultation mandag til torsdag kl. 9.00 -16.00.<\/p><p><strong>Kun konsultation efter forudg\u00e5ende aftale.<\/strong><\/p><p><strong>Telefontid:<\/strong><br \/>Tirsdag til torsdag kl. 12.30 \u2013 14.00.<\/p><p><strong>Adresse:<\/strong><br \/>Jernbanegade 58, 1.th.,<br \/>4000 Roskilde.<br \/>Telefon 46351717.<\/p><p><strong>E-mail:<\/strong><br \/>Patienter der har et forl\u00f8b i klinikken kan sende sikker E-mail via hjemmesiden. Mail kan anvendes til receptfornyelse og kortere meddelelser. Vedr\u00f8rende alle \u00f8vrige henvendelser henvises til telefontiden.<\/p><table width=\"778\"><thead><tr><td><p><strong>Dag<\/strong><\/p><\/td><td><p><strong>Telefontid<\/strong><\/p><\/td><td><p><strong>Konsultation<\/strong><\/p><\/td><\/tr><\/thead><tbody><tr><td><p><strong>Mandag<\/strong><\/p><\/td><td><p>12:15-14<\/p><\/td><td><p>9-16<\/p><\/td><\/tr><tr><td><p><strong>Tirsdag<\/strong><\/p><\/td><td><p>12:15-14<\/p><\/td><td><p>9-16<\/p><\/td><\/tr><tr><td><p><strong>Onsdag<\/strong><\/p><\/td><td><p>12:15-14<\/p><\/td><td><p>9-16<\/p><\/td><\/tr><tr><td><p><strong>Torsdag<\/strong><\/p><\/td><td><p>12:15-14<\/p><\/td><td><p>9-16<\/p><\/td><\/tr><\/tbody><\/table>\t\t\t\t\t\t\t\t<\/div>\n\t\t\t\t<\/div>\n\t\t\t\t\t<\/div>\n\t\t\t\t<\/div>\n\t\t\t\t<\/div>\n\t\t","protected":false},"excerpt":{"rendered":"<p>Kontakt Klinikken er beliggende centralt i Roskilde t\u00e6t p\u00e5 Roskilde station og g\u00e5gade. Der er parkering igennem porten bag bygningen eller ved Roskilde Arrest lige over for. Der er to timers parkering, husk p-skive. Klinikken er \u00e5ben for konsultation mandag til torsdag kl. 9.00 -16.00. Kun konsultation efter forudg\u00e5ende aftale. Telefontid:Tirsdag til torsdag kl. 12.30 [&hellip;]<\/p>\n","protected":false},"author":1,"featured_media":0,"parent":0,"menu_order":0,"comment_status":"closed","ping_status":"closed","template":"","meta":{"footnotes":""},"class_list":["post-118","page","type-page","status-publish","hentry"],"_links":{"self":[{"href":"https:\/\/www.borneogungdomspsykiater.dk\/index.php?rest_route=\/wp\/v2\/pages\/118","targetHints":{"allow":["GET"]}}],"collection":[{"href":"https:\/\/www.borneogungdomspsykiater.dk\/index.php?rest_route=\/wp\/v2\/pages"}],"about":[{"href":"https:\/\/www.borneogungdomspsykiater.dk\/index.php?rest_route=\/wp\/v2\/types\/page"}],"author":[{"embeddable":true,"href":"https:\/\/www.borneogungdomspsykiater.dk\/index.php?rest_route=\/wp\/v2\/users\/1"}],"replies":[{"embeddable":true,"href":"https:\/\/www.borneogungdomspsykiater.dk\/index.php?rest_route=%2Fwp%2Fv2%2Fcomments&post=118"}],"version-history":[{"count":4,"href":"https:\/\/www.borneogungdomspsykiater.dk\/index.php?rest_route=\/wp\/v2\/pages\/118\/revisions"}],"predecessor-version":[{"id":122,"href":"https:\/\/www.borneogungdomspsykiater.dk\/index.php?rest_route=\/wp\/v2\/pages\/118\/revisions\/122"}],"wp:attachment":[{"href":"https:\/\/www.borneogungdomspsykiater.dk\/index.php?rest_route=%2Fwp%2Fv2%2Fmedia&parent=118"}],"curies":[{"name":"wp","href":"https:\/\/api.w.org\/{rel}","templated":true}]}}