{"id":51,"date":"2024-12-19T09:19:39","date_gmt":"2024-12-19T09:19:39","guid":{"rendered":"https:\/\/www.borneogungdomspsykiater.dk\/?page_id=51"},"modified":"2024-12-19T09:26:21","modified_gmt":"2024-12-19T09:26:21","slug":"maalgruppe","status":"publish","type":"page","link":"https:\/\/www.borneogungdomspsykiater.dk\/?page_id=51","title":{"rendered":"M\u00e5lgruppe"},"content":{"rendered":"\t\t<div data-elementor-type=\"wp-page\" data-elementor-id=\"51\" class=\"elementor elementor-51\" data-elementor-post-type=\"page\">\n\t\t\t\t<div class=\"elementor-element elementor-element-be37f95 e-flex e-con-boxed e-con e-parent\" data-id=\"be37f95\" data-element_type=\"container\" data-e-type=\"container\">\n\t\t\t\t\t<div class=\"e-con-inner\">\n\t\t\t\t<div class=\"elementor-element elementor-element-b5d7495 elementor-widget elementor-widget-heading\" data-id=\"b5d7495\" data-element_type=\"widget\" data-e-type=\"widget\" data-widget_type=\"heading.default\">\n\t\t\t\t<div class=\"elementor-widget-container\">\n\t\t\t\t\t<h2 class=\"elementor-heading-title elementor-size-default\">M\u00e5lgruppe<\/h2>\t\t\t\t<\/div>\n\t\t\t\t<\/div>\n\t\t\t\t\t<\/div>\n\t\t\t\t<\/div>\n\t\t<div class=\"elementor-element elementor-element-406a922 e-flex e-con-boxed e-con e-parent\" data-id=\"406a922\" data-element_type=\"container\" data-e-type=\"container\">\n\t\t\t\t\t<div class=\"e-con-inner\">\n\t\t\t\t<div class=\"elementor-element elementor-element-09b2f8d elementor-widget elementor-widget-spacer\" data-id=\"09b2f8d\" data-element_type=\"widget\" data-e-type=\"widget\" data-widget_type=\"spacer.default\">\n\t\t\t\t<div class=\"elementor-widget-container\">\n\t\t\t\t\t\t\t<div class=\"elementor-spacer\">\n\t\t\t<div class=\"elementor-spacer-inner\"><\/div>\n\t\t<\/div>\n\t\t\t\t\t\t<\/div>\n\t\t\t\t<\/div>\n\t\t\t\t<div class=\"elementor-element elementor-element-41751fc elementor-widget elementor-widget-text-editor\" data-id=\"41751fc\" data-element_type=\"widget\" data-e-type=\"widget\" data-widget_type=\"text-editor.default\">\n\t\t\t\t<div class=\"elementor-widget-container\">\n\t\t\t\t\t\t\t\t\t<p>Klinikken modtager b\u00f8rn og unge fra 4 til og med 17 \u00e5r med psykiske symptomer\/sygdomme.<br \/>Dog b\u00f8r b\u00f8rn og unge med spiseforstyrrelser og psykoser henvises direkte til den lokale B\u00f8rne- og ungdomspsykiatriske sygehusafdeling.<\/p>\t\t\t\t\t\t\t\t<\/div>\n\t\t\t\t<\/div>\n\t\t\t\t<div class=\"elementor-element elementor-element-50e656f elementor-widget elementor-widget-spacer\" data-id=\"50e656f\" data-element_type=\"widget\" data-e-type=\"widget\" data-widget_type=\"spacer.default\">\n\t\t\t\t<div class=\"elementor-widget-container\">\n\t\t\t\t\t\t\t<div class=\"elementor-spacer\">\n\t\t\t<div class=\"elementor-spacer-inner\"><\/div>\n\t\t<\/div>\n\t\t\t\t\t\t<\/div>\n\t\t\t\t<\/div>\n\t\t\t\t\t<\/div>\n\t\t\t\t<\/div>\n\t\t<div class=\"elementor-element elementor-element-0480a9e e-flex e-con-boxed e-con e-parent\" data-id=\"0480a9e\" data-element_type=\"container\" data-e-type=\"container\">\n\t\t\t\t\t<div class=\"e-con-inner\">\n\t\t\t\t<div class=\"elementor-element elementor-element-0baf219 elementor-widget elementor-widget-image\" data-id=\"0baf219\" data-element_type=\"widget\" data-e-type=\"widget\" data-widget_type=\"image.default\">\n\t\t\t\t<div class=\"elementor-widget-container\">\n\t\t\t\t\t\t\t\t\t\t\t\t\t\t\t<img fetchpriority=\"high\" decoding=\"async\" width=\"800\" height=\"600\" src=\"https:\/\/www.borneogungdomspsykiater.dk\/wp-content\/uploads\/2024\/12\/pexels-ajaybhargavguduru-939700-1024x768.jpg\" class=\"attachment-large size-large wp-image-57\" alt=\"\" srcset=\"https:\/\/www.borneogungdomspsykiater.dk\/wp-content\/uploads\/2024\/12\/pexels-ajaybhargavguduru-939700-1024x768.jpg 1024w, https:\/\/www.borneogungdomspsykiater.dk\/wp-content\/uploads\/2024\/12\/pexels-ajaybhargavguduru-939700-300x225.jpg 300w, https:\/\/www.borneogungdomspsykiater.dk\/wp-content\/uploads\/2024\/12\/pexels-ajaybhargavguduru-939700-768x576.jpg 768w, https:\/\/www.borneogungdomspsykiater.dk\/wp-content\/uploads\/2024\/12\/pexels-ajaybhargavguduru-939700-1536x1152.jpg 1536w, https:\/\/www.borneogungdomspsykiater.dk\/wp-content\/uploads\/2024\/12\/pexels-ajaybhargavguduru-939700-2048x1536.jpg 2048w\" sizes=\"(max-width: 800px) 100vw, 800px\" \/>\t\t\t\t\t\t\t\t\t\t\t\t\t\t\t<\/div>\n\t\t\t\t<\/div>\n\t\t\t\t\t<\/div>\n\t\t\t\t<\/div>\n\t\t\t\t<\/div>\n\t\t","protected":false},"excerpt":{"rendered":"<p>M\u00e5lgruppe Klinikken modtager b\u00f8rn og unge fra 4 til og med 17 \u00e5r med psykiske symptomer\/sygdomme.Dog b\u00f8r b\u00f8rn og unge med spiseforstyrrelser og psykoser henvises direkte til den lokale B\u00f8rne- og ungdomspsykiatriske sygehusafdeling.<\/p>\n","protected":false},"author":1,"featured_media":0,"parent":0,"menu_order":0,"comment_status":"closed","ping_status":"closed","template":"","meta":{"footnotes":""},"class_list":["post-51","page","type-page","status-publish","hentry"],"_links":{"self":[{"href":"https:\/\/www.borneogungdomspsykiater.dk\/index.php?rest_route=\/wp\/v2\/pages\/51","targetHints":{"allow":["GET"]}}],"collection":[{"href":"https:\/\/www.borneogungdomspsykiater.dk\/index.php?rest_route=\/wp\/v2\/pages"}],"about":[{"href":"https:\/\/www.borneogungdomspsykiater.dk\/index.php?rest_route=\/wp\/v2\/types\/page"}],"author":[{"embeddable":true,"href":"https:\/\/www.borneogungdomspsykiater.dk\/index.php?rest_route=\/wp\/v2\/users\/1"}],"replies":[{"embeddable":true,"href":"https:\/\/www.borneogungdomspsykiater.dk\/index.php?rest_route=%2Fwp%2Fv2%2Fcomments&post=51"}],"version-history":[{"count":7,"href":"https:\/\/www.borneogungdomspsykiater.dk\/index.php?rest_route=\/wp\/v2\/pages\/51\/revisions"}],"predecessor-version":[{"id":60,"href":"https:\/\/www.borneogungdomspsykiater.dk\/index.php?rest_route=\/wp\/v2\/pages\/51\/revisions\/60"}],"wp:attachment":[{"href":"https:\/\/www.borneogungdomspsykiater.dk\/index.php?rest_route=%2Fwp%2Fv2%2Fmedia&parent=51"}],"curies":[{"name":"wp","href":"https:\/\/api.w.org\/{rel}","templated":true}]}}