{"id":69,"date":"2024-12-19T09:30:40","date_gmt":"2024-12-19T09:30:40","guid":{"rendered":"https:\/\/www.borneogungdomspsykiater.dk\/?page_id=69"},"modified":"2026-03-09T11:23:12","modified_gmt":"2026-03-09T11:23:12","slug":"henvisning","status":"publish","type":"page","link":"https:\/\/www.borneogungdomspsykiater.dk\/?page_id=69","title":{"rendered":"Henvisning"},"content":{"rendered":"\t\t<div data-elementor-type=\"wp-page\" data-elementor-id=\"69\" class=\"elementor elementor-69\" data-elementor-post-type=\"page\">\n\t\t\t\t<div class=\"elementor-element elementor-element-0d5cbd7 e-flex e-con-boxed e-con e-parent\" data-id=\"0d5cbd7\" data-element_type=\"container\" data-e-type=\"container\">\n\t\t\t\t\t<div class=\"e-con-inner\">\n\t\t\t\t<div class=\"elementor-element elementor-element-967552d elementor-widget elementor-widget-heading\" data-id=\"967552d\" data-element_type=\"widget\" data-e-type=\"widget\" data-widget_type=\"heading.default\">\n\t\t\t\t<div class=\"elementor-widget-container\">\n\t\t\t\t\t<h2 class=\"elementor-heading-title elementor-size-default\">Henvisning<\/h2>\t\t\t\t<\/div>\n\t\t\t\t<\/div>\n\t\t\t\t\t<\/div>\n\t\t\t\t<\/div>\n\t\t<div class=\"elementor-element elementor-element-5b3c0ef e-flex e-con-boxed e-con e-parent\" data-id=\"5b3c0ef\" data-element_type=\"container\" data-e-type=\"container\">\n\t\t\t\t\t<div class=\"e-con-inner\">\n\t\t\t\t<div class=\"elementor-element elementor-element-31d2c4e elementor-widget elementor-widget-text-editor\" data-id=\"31d2c4e\" data-element_type=\"widget\" data-e-type=\"widget\" data-widget_type=\"text-editor.default\">\n\t\t\t\t<div class=\"elementor-widget-container\">\n\t\t\t\t\t\t\t\t\t<p>Inden kontakt hertil, skal der v\u00e6re en henvisning fra egen l\u00e6ge.<\/p><p>Ventetiden varierer og er for tiden ca. 65 uger. Der er ikke unders\u00f8gelses- \/ behandlingsgaranti i speciall\u00e6gepraksis. Hvis for\u00e6ldrene er skilt og har f\u00e6lles for\u00e6ldremyndighed, skal begge for\u00e6ldre v\u00e6re enige om henvisningen.<br \/>Du kan s\u00f8ge andre b\u00f8rne- og ungdomspsykiatere p\u00e5 Sundhed.dk<\/p><p><strong>Info til egen l\u00e6ge:<\/strong><br \/>L\u00e6gen skal p\u00e5 DNHF placere henvisningen under praktiserende speciall\u00e6ge, b\u00f8rne-ungdomspsykiatri, speciale 26. Hvis henvisningen ligger under psykiatri, vil det kun v\u00e6re (voksen)-psykiatere, som har adgang til henvisningen.<\/p><p><strong>Ved akut behov for b\u00f8rne- og ungdomspsykiatrisk hj\u00e6lp:<\/strong><br \/>Der henvises til den lokale psykiatriske skadestue. Det er hensigtsm\u00e6ssigt, at man forud har v\u00e6ret i kontakt<br \/>med sin praktiserende l\u00e6ge eller evt. vagtl\u00e6ge.<\/p>\t\t\t\t\t\t\t\t<\/div>\n\t\t\t\t<\/div>\n\t\t\t\t<div class=\"elementor-element elementor-element-bf3f9f1 elementor-widget elementor-widget-spacer\" data-id=\"bf3f9f1\" data-element_type=\"widget\" data-e-type=\"widget\" data-widget_type=\"spacer.default\">\n\t\t\t\t<div class=\"elementor-widget-container\">\n\t\t\t\t\t\t\t<div class=\"elementor-spacer\">\n\t\t\t<div class=\"elementor-spacer-inner\"><\/div>\n\t\t<\/div>\n\t\t\t\t\t\t<\/div>\n\t\t\t\t<\/div>\n\t\t\t\t\t<\/div>\n\t\t\t\t<\/div>\n\t\t\t\t<\/div>\n\t\t","protected":false},"excerpt":{"rendered":"<p>Henvisning Inden kontakt hertil, skal der v\u00e6re en henvisning fra egen l\u00e6ge. Ventetiden varierer og er for tiden ca. 65 uger. Der er ikke unders\u00f8gelses- \/ behandlingsgaranti i speciall\u00e6gepraksis. Hvis for\u00e6ldrene er skilt og har f\u00e6lles for\u00e6ldremyndighed, skal begge for\u00e6ldre v\u00e6re enige om henvisningen.Du kan s\u00f8ge andre b\u00f8rne- og ungdomspsykiatere p\u00e5 Sundhed.dk Info til egen [&hellip;]<\/p>\n","protected":false},"author":1,"featured_media":0,"parent":0,"menu_order":0,"comment_status":"closed","ping_status":"closed","template":"","meta":{"footnotes":""},"class_list":["post-69","page","type-page","status-publish","hentry"],"_links":{"self":[{"href":"https:\/\/www.borneogungdomspsykiater.dk\/index.php?rest_route=\/wp\/v2\/pages\/69","targetHints":{"allow":["GET"]}}],"collection":[{"href":"https:\/\/www.borneogungdomspsykiater.dk\/index.php?rest_route=\/wp\/v2\/pages"}],"about":[{"href":"https:\/\/www.borneogungdomspsykiater.dk\/index.php?rest_route=\/wp\/v2\/types\/page"}],"author":[{"embeddable":true,"href":"https:\/\/www.borneogungdomspsykiater.dk\/index.php?rest_route=\/wp\/v2\/users\/1"}],"replies":[{"embeddable":true,"href":"https:\/\/www.borneogungdomspsykiater.dk\/index.php?rest_route=%2Fwp%2Fv2%2Fcomments&post=69"}],"version-history":[{"count":22,"href":"https:\/\/www.borneogungdomspsykiater.dk\/index.php?rest_route=\/wp\/v2\/pages\/69\/revisions"}],"predecessor-version":[{"id":254,"href":"https:\/\/www.borneogungdomspsykiater.dk\/index.php?rest_route=\/wp\/v2\/pages\/69\/revisions\/254"}],"wp:attachment":[{"href":"https:\/\/www.borneogungdomspsykiater.dk\/index.php?rest_route=%2Fwp%2Fv2%2Fmedia&parent=69"}],"curies":[{"name":"wp","href":"https:\/\/api.w.org\/{rel}","templated":true}]}}