{"id":93,"date":"2024-12-19T09:38:56","date_gmt":"2024-12-19T09:38:56","guid":{"rendered":"https:\/\/www.borneogungdomspsykiater.dk\/?page_id=93"},"modified":"2026-03-10T09:45:37","modified_gmt":"2026-03-10T09:45:37","slug":"hvem-er-jeg","status":"publish","type":"page","link":"https:\/\/www.borneogungdomspsykiater.dk\/?page_id=93","title":{"rendered":"Hvem er jeg"},"content":{"rendered":"\t\t<div data-elementor-type=\"wp-page\" data-elementor-id=\"93\" class=\"elementor elementor-93\" data-elementor-post-type=\"page\">\n\t\t\t\t<div class=\"elementor-element elementor-element-8ead931 e-flex e-con-boxed e-con e-parent\" data-id=\"8ead931\" data-element_type=\"container\" data-e-type=\"container\">\n\t\t\t\t\t<div class=\"e-con-inner\">\n\t\t\t\t<div class=\"elementor-element elementor-element-611b05d elementor-widget elementor-widget-image\" data-id=\"611b05d\" data-element_type=\"widget\" data-e-type=\"widget\" data-widget_type=\"image.default\">\n\t\t\t\t<div class=\"elementor-widget-container\">\n\t\t\t\t\t\t\t\t\t\t\t\t\t\t\t<img decoding=\"async\" width=\"300\" height=\"158\" src=\"https:\/\/www.borneogungdomspsykiater.dk\/wp-content\/uploads\/2026\/03\/billede-hjemmeside-300x158.jpg\" class=\"attachment-medium size-medium wp-image-255\" alt=\"\" srcset=\"https:\/\/www.borneogungdomspsykiater.dk\/wp-content\/uploads\/2026\/03\/billede-hjemmeside-300x158.jpg 300w, https:\/\/www.borneogungdomspsykiater.dk\/wp-content\/uploads\/2026\/03\/billede-hjemmeside-1024x540.jpg 1024w, https:\/\/www.borneogungdomspsykiater.dk\/wp-content\/uploads\/2026\/03\/billede-hjemmeside-768x405.jpg 768w, https:\/\/www.borneogungdomspsykiater.dk\/wp-content\/uploads\/2026\/03\/billede-hjemmeside-1536x810.jpg 1536w, https:\/\/www.borneogungdomspsykiater.dk\/wp-content\/uploads\/2026\/03\/billede-hjemmeside-2048x1080.jpg 2048w\" sizes=\"(max-width: 300px) 100vw, 300px\" \/>\t\t\t\t\t\t\t\t\t\t\t\t\t\t\t<\/div>\n\t\t\t\t<\/div>\n\t\t\t\t<div class=\"elementor-element elementor-element-36d43d3 elementor-widget elementor-widget-text-editor\" data-id=\"36d43d3\" data-element_type=\"widget\" data-e-type=\"widget\" data-widget_type=\"text-editor.default\">\n\t\t\t\t<div class=\"elementor-widget-container\">\n\t\t\t\t\t\t\t\t\t<p><strong>Speciall\u00e6ge Camilla Hald Brevig<\/strong><\/p><p>F\u00f8dt 1970. Uddannet l\u00e6ge i 1998 og\u00a0Speciall\u00e6ge i B\u00f8rne- og ungdomspsykiatri i 2010.<br \/>Jeg har en bred erfaring i udredning og behandling af b\u00f8rn og unge med psykiatriske vanskeligheder. Jeg overtog klinikken i oktober 2016 efter min kollega Maja\u00a0Kristensen.<\/p><p>Forinden var jeg overl\u00e6ge p\u00e5 B\u00f8rnepsykiatrisk d\u00f8gnafsnit i Roskilde, hvor jeg havde ansvaret for udredning og behandling af b\u00f8rn fra Region Sj\u00e6lland med behov for d\u00f8gnindl\u00e6ggelse.\u00a0Jeg har tidligere arbejdet p\u00e5 flere forskellige b\u00f8rne- og ungdomspsykiatriske afdelinger og har endvidere nogle \u00e5rs erfaring fra voksenpsykiatrisk afdeling i Hiller\u00f8d. Jeg har desuden arbejdet som afdelingsl\u00e6ge ved ADHD- klinikken i Glostrup, prim\u00e6rt med fokus p\u00e5 vanskeligt behandlelige neuropsykiatriske patienter med dobbeltdiagnose (landsdelsfunktion). Efterf\u00f8lgende som afdelingsl\u00e6ge i et alment ambulatorie i Roskilde for b\u00f8rn og unge.<\/p><p>Jeg har en s\u00e6rlig interesse for behandling af komplekse neuropsykiatriske tilstande dvs. b\u00f8rn og unge med dobbeltdiagnoser som f.eks. ADHD og Tourette. Derudover har jeg en uddannelse i Kognitiv adf\u00e6rdsterapi til b\u00f8rn og unge, som jeg prim\u00e6rt anvender i behandlingen af OCD, angst og depression.<\/p><p>Jeg l\u00e6gger stor v\u00e6gt p\u00e5, at behandlingen af b\u00f8rn og unge foreg\u00e5r i et tillidsfuldt og t\u00e6t samarbejde med barnets\/ den unges for\u00e6ldre.<\/p>\t\t\t\t\t\t\t\t<\/div>\n\t\t\t\t<\/div>\n\t\t\t\t\t<\/div>\n\t\t\t\t<\/div>\n\t\t<div class=\"elementor-element elementor-element-50ddee6 e-flex e-con-boxed e-con e-parent\" data-id=\"50ddee6\" data-element_type=\"container\" data-e-type=\"container\">\n\t\t\t\t\t<div class=\"e-con-inner\">\n\t\t\t\t<div class=\"elementor-element elementor-element-f4818f8 elementor-widget elementor-widget-spacer\" data-id=\"f4818f8\" data-element_type=\"widget\" data-e-type=\"widget\" data-widget_type=\"spacer.default\">\n\t\t\t\t<div class=\"elementor-widget-container\">\n\t\t\t\t\t\t\t<div class=\"elementor-spacer\">\n\t\t\t<div class=\"elementor-spacer-inner\"><\/div>\n\t\t<\/div>\n\t\t\t\t\t\t<\/div>\n\t\t\t\t<\/div>\n\t\t\t\t\t<\/div>\n\t\t\t\t<\/div>\n\t\t<div class=\"elementor-element elementor-element-55404b0 e-flex e-con-boxed e-con e-parent\" data-id=\"55404b0\" data-element_type=\"container\" data-e-type=\"container\">\n\t\t\t\t\t<div class=\"e-con-inner\">\n\t\t\t\t<div class=\"elementor-element elementor-element-9e40c90 elementor-widget elementor-widget-image\" data-id=\"9e40c90\" data-element_type=\"widget\" data-e-type=\"widget\" data-widget_type=\"image.default\">\n\t\t\t\t<div class=\"elementor-widget-container\">\n\t\t\t\t\t\t\t\t\t\t\t\t\t\t\t<img decoding=\"async\" src=\"https:\/\/www.borneogungdomspsykiater.dk\/wp-content\/plugins\/elementor\/assets\/images\/placeholder.png\" title=\"\" alt=\"\" loading=\"lazy\" \/>\t\t\t\t\t\t\t\t\t\t\t\t\t\t\t<\/div>\n\t\t\t\t<\/div>\n\t\t\t\t\t<\/div>\n\t\t\t\t<\/div>\n\t\t\t\t<\/div>\n\t\t","protected":false},"excerpt":{"rendered":"<p>Speciall\u00e6ge Camilla Hald Brevig F\u00f8dt 1970. Uddannet l\u00e6ge i 1998 og\u00a0Speciall\u00e6ge i B\u00f8rne- og ungdomspsykiatri i 2010.Jeg har en bred erfaring i udredning og behandling af b\u00f8rn og unge med psykiatriske vanskeligheder. Jeg overtog klinikken i oktober 2016 efter min kollega Maja\u00a0Kristensen. Forinden var jeg overl\u00e6ge p\u00e5 B\u00f8rnepsykiatrisk d\u00f8gnafsnit i Roskilde, hvor jeg havde ansvaret [&hellip;]<\/p>\n","protected":false},"author":1,"featured_media":0,"parent":0,"menu_order":0,"comment_status":"closed","ping_status":"closed","template":"","meta":{"footnotes":""},"class_list":["post-93","page","type-page","status-publish","hentry"],"_links":{"self":[{"href":"https:\/\/www.borneogungdomspsykiater.dk\/index.php?rest_route=\/wp\/v2\/pages\/93","targetHints":{"allow":["GET"]}}],"collection":[{"href":"https:\/\/www.borneogungdomspsykiater.dk\/index.php?rest_route=\/wp\/v2\/pages"}],"about":[{"href":"https:\/\/www.borneogungdomspsykiater.dk\/index.php?rest_route=\/wp\/v2\/types\/page"}],"author":[{"embeddable":true,"href":"https:\/\/www.borneogungdomspsykiater.dk\/index.php?rest_route=\/wp\/v2\/users\/1"}],"replies":[{"embeddable":true,"href":"https:\/\/www.borneogungdomspsykiater.dk\/index.php?rest_route=%2Fwp%2Fv2%2Fcomments&post=93"}],"version-history":[{"count":16,"href":"https:\/\/www.borneogungdomspsykiater.dk\/index.php?rest_route=\/wp\/v2\/pages\/93\/revisions"}],"predecessor-version":[{"id":259,"href":"https:\/\/www.borneogungdomspsykiater.dk\/index.php?rest_route=\/wp\/v2\/pages\/93\/revisions\/259"}],"wp:attachment":[{"href":"https:\/\/www.borneogungdomspsykiater.dk\/index.php?rest_route=%2Fwp%2Fv2%2Fmedia&parent=93"}],"curies":[{"name":"wp","href":"https:\/\/api.w.org\/{rel}","templated":true}]}}